{"id":11906,"date":"2021-10-27T15:47:22","date_gmt":"2021-10-27T15:47:22","guid":{"rendered":"https:\/\/demos.randami.cl\/jaimepinto\/?page_id=11906"},"modified":"2024-07-16T09:54:13","modified_gmt":"2024-07-16T09:54:13","slug":"prensa","status":"publish","type":"page","link":"https:\/\/jaimepintoballet.com\/es_es\/prensa\/","title":{"rendered":"Prensa"},"content":{"rendered":"\t\t<div data-elementor-type=\"wp-page\" data-elementor-id=\"11906\" class=\"elementor elementor-11906\">\n\t\t\t\t\t\t<section class=\"elementor-section elementor-top-section elementor-element elementor-element-1439e42 elementor-section-boxed elementor-section-height-default elementor-section-height-default wd-section-disabled\" data-id=\"1439e42\" data-element_type=\"section\" data-e-type=\"section\">\n\t\t\t\t\t\t<div class=\"elementor-container elementor-column-gap-default\">\n\t\t\t\t\t<div class=\"elementor-column elementor-col-50 elementor-top-column elementor-element elementor-element-bdb1c5f\" data-id=\"bdb1c5f\" data-element_type=\"column\" data-e-type=\"column\">\n\t\t\t<div class=\"elementor-widget-wrap elementor-element-populated\">\n\t\t\t\t\t\t<div class=\"elementor-element elementor-element-f92954a elementor-widget elementor-widget-heading\" data-id=\"f92954a\" data-element_type=\"widget\" data-e-type=\"widget\" data-widget_type=\"heading.default\">\n\t\t\t\t<div class=\"elementor-widget-container\">\n\t\t\t\t\t<h2 class=\"elementor-heading-title elementor-size-default\">LINKS DE INTER\u00c9S<\/h2>\t\t\t\t<\/div>\n\t\t\t\t<\/div>\n\t\t\t\t<div class=\"elementor-element elementor-element-11a4c13 elementor-icon-list--layout-traditional elementor-list-item-link-full_width elementor-widget elementor-widget-icon-list\" data-id=\"11a4c13\" data-element_type=\"widget\" data-e-type=\"widget\" data-widget_type=\"icon-list.default\">\n\t\t\t\t<div class=\"elementor-widget-container\">\n\t\t\t\t\t\t\t<ul class=\"elementor-icon-list-items\">\n\t\t\t\t\t\t\t<li class=\"elementor-icon-list-item\">\n\t\t\t\t\t\t\t\t\t\t\t<a href=\"https:\/\/www.emol.com\/noticias\/magazine\/2004\/12\/14\/166845\/jaime-pinto-obtiene-premio-de-danza-ernst-uthoff.html\">\n\n\t\t\t\t\t\t\t\t\t\t\t<span class=\"elementor-icon-list-text\">Jaime Pinto obtiene premio de danza \"Ernst Uthoff\".<\/span>\n\t\t\t\t\t\t\t\t\t\t\t<\/a>\n\t\t\t\t\t\t\t\t\t<\/li>\n\t\t\t\t\t\t\t\t<li class=\"elementor-icon-list-item\">\n\t\t\t\t\t\t\t\t\t\t\t<a href=\"https:\/\/www.cultura.gob.cl\/actualidad\/maestro-de-danza-jaime-pinto-cumple-10-anos-de-ensenanza-en-la-araucania\/\">\n\n\t\t\t\t\t\t\t\t\t\t\t<span class=\"elementor-icon-list-text\">Maestro de danza Jaime Pinto cumple 10 a\u00f1os de ense\u00f1anza en La Araucan\u00eda.<\/span>\n\t\t\t\t\t\t\t\t\t\t\t<\/a>\n\t\t\t\t\t\t\t\t\t<\/li>\n\t\t\t\t\t\t\t\t<li class=\"elementor-icon-list-item\">\n\t\t\t\t\t\t\t\t\t\t\t<a href=\"https:\/\/web.facebook.com\/watch\/?v=2692606337674520&#038;ref=sharing&#038;_rdc=1&#038;_rdr\">\n\n\t\t\t\t\t\t\t\t\t\t\t<span class=\"elementor-icon-list-text\">Entrevista Maestro Jaime Pinto - El Cascanueces.<\/span>\n\t\t\t\t\t\t\t\t\t\t\t<\/a>\n\t\t\t\t\t\t\t\t\t<\/li>\n\t\t\t\t\t\t\t\t<li class=\"elementor-icon-list-item\">\n\t\t\t\t\t\t\t\t\t\t\t<a href=\"https:\/\/araucanianoticias.cl\/2018\/coregrafo-jaime-pinto-imparti-talleres-a-ms-de-100-integrantes-de-ballet-regionales\/0822150832\">\n\n\t\t\t\t\t\t\t\t\t\t\t<span class=\"elementor-icon-list-text\">Core\u00f3grafo Jaime Pinto imparti\u00f3 talleres a m\u00e1s de 100 integrantes de ballet regionales.<\/span>\n\t\t\t\t\t\t\t\t\t\t\t<\/a>\n\t\t\t\t\t\t\t\t\t<\/li>\n\t\t\t\t\t\t\t\t<li class=\"elementor-icon-list-item\">\n\t\t\t\t\t\t\t\t\t\t\t<a href=\"http:\/\/chb-comentarios.blogspot.com\/2012\/12\/jaime-pinto-y-su-cascanueces.html\">\n\n\t\t\t\t\t\t\t\t\t\t\t<span class=\"elementor-icon-list-text\">Jaime Pinto y su \"Cascanueces\".<\/span>\n\t\t\t\t\t\t\t\t\t\t\t<\/a>\n\t\t\t\t\t\t\t\t\t<\/li>\n\t\t\t\t\t\t\t\t<li class=\"elementor-icon-list-item\">\n\t\t\t\t\t\t\t\t\t\t\t<a href=\"https:\/\/imaginasantiago.com\/el-ballet-de-santiago-presenta-don-quijote-antes-de-su-gira-china\/\">\n\n\t\t\t\t\t\t\t\t\t\t\t<span class=\"elementor-icon-list-text\">El Ballet de Santiago presenta Don Quijote antes de su gira a China.<\/span>\n\t\t\t\t\t\t\t\t\t\t\t<\/a>\n\t\t\t\t\t\t\t\t\t<\/li>\n\t\t\t\t\t\t\t\t<li class=\"elementor-icon-list-item\">\n\t\t\t\t\t\t\t\t\t\t\t<a href=\"https:\/\/www.visionescriticas.cl\/?p=8511\">\n\n\t\t\t\t\t\t\t\t\t\t\t<span class=\"elementor-icon-list-text\">DON QUIJOTE TRIUNFA AMPLIAMENTE EN EL MUNICIPAL.<\/span>\n\t\t\t\t\t\t\t\t\t\t\t<\/a>\n\t\t\t\t\t\t\t\t\t<\/li>\n\t\t\t\t\t\t\t\t<li class=\"elementor-icon-list-item\">\n\t\t\t\t\t\t\t\t\t\t\t<a href=\"http:\/\/www.losandesonline.cl\/noticias\/20126\/coreografo-jaime-pinto-impartira-clases-gratuitas-de-danza-en-el-centro-cultural.html\">\n\n\t\t\t\t\t\t\t\t\t\t\t<span class=\"elementor-icon-list-text\">Core\u00f3grafo Jaime Pinto impartir\u00e1 clases gratuitas de Danza en el Centro Cultural.<\/span>\n\t\t\t\t\t\t\t\t\t\t\t<\/a>\n\t\t\t\t\t\t\t\t\t<\/li>\n\t\t\t\t\t\t\t\t<li class=\"elementor-icon-list-item\">\n\t\t\t\t\t\t\t\t\t\t\t<a href=\"https:\/\/www.teatromayor.org\/es\/evento\/danza\/incolballet-colombia-cascanueces-director-artistico-jose-manuel-ghiso-colombia-coreografo-jaime-14295?function=3056\">\n\n\t\t\t\t\t\t\t\t\t\t\t<span class=\"elementor-icon-list-text\">Incolballet, Colombia - 'Cascanueces' - Director art\u00edstico: Jose Manuel Ghiso, Colombia. Core\u00f3grafo: Jaime Pinto, Chile. Director musical: Yeruham Scharovsky, Argentina \/ Israel. Con la participaci\u00f3n de la Orquesta Sinf\u00f3nica Nacional de Colombia.<\/span>\n\t\t\t\t\t\t\t\t\t\t\t<\/a>\n\t\t\t\t\t\t\t\t\t<\/li>\n\t\t\t\t\t\t\t\t<li class=\"elementor-icon-list-item\">\n\t\t\t\t\t\t\t\t\t\t\t<a href=\"https:\/\/www.memoriachilena.gob.cl\/archivos2\/pdfs\/mc0039209.pdf\">\n\n\t\t\t\t\t\t\t\t\t\t\t<span class=\"elementor-icon-list-text\">Una D\u00e9cada de Ballet en el Teatro Municipal de Santiago: 1982 - 1992<\/span>\n\t\t\t\t\t\t\t\t\t\t\t<\/a>\n\t\t\t\t\t\t\t\t\t<\/li>\n\t\t\t\t\t\t\t\t<li class=\"elementor-icon-list-item\">\n\t\t\t\t\t\t\t\t\t\t\t<a href=\"https:\/\/pmb.parlamento.gub.uy\/pmb\/opac_css\/index.php?lvl=notice_display&#038;id=27050\">\n\n\t\t\t\t\t\t\t\t\t\t\t<span class=\"elementor-icon-list-text\">Temporada de Ballet 1997 : Programa \/ BALLET DEL SODRE (URUGUAY).<\/span>\n\t\t\t\t\t\t\t\t\t\t\t<\/a>\n\t\t\t\t\t\t\t\t\t<\/li>\n\t\t\t\t\t\t\t\t<li class=\"elementor-icon-list-item\">\n\t\t\t\t\t\t\t\t\t\t\t<a href=\"https:\/\/chb-comentarios.blogspot.com\/2014\/07\/festivalre-un-sueno-hecho-realidad.html\">\n\n\t\t\t\t\t\t\t\t\t\t\t<span class=\"elementor-icon-list-text\">Escrito realizado en Homenaje al Maestro Jaime Pinto en FestivalRE 2014 (Santiago de Chile)<\/span>\n\t\t\t\t\t\t\t\t\t\t\t<\/a>\n\t\t\t\t\t\t\t\t\t<\/li>\n\t\t\t\t\t\t\t\t<li class=\"elementor-icon-list-item\">\n\t\t\t\t\t\t\t\t\t\t\t<a href=\"http:\/\/webseoproyectos.cl\/00\/saranieto\/elballet\/ch.html\">\n\n\t\t\t\t\t\t\t\t\t\t\t<span class=\"elementor-icon-list-text\">Sara Nieto: Hstoria del Ballet Chileno (Chile).<\/span>\n\t\t\t\t\t\t\t\t\t\t\t<\/a>\n\t\t\t\t\t\t\t\t\t<\/li>\n\t\t\t\t\t\t\t\t<li class=\"elementor-icon-list-item\">\n\t\t\t\t\t\t\t\t\t\t\t<a href=\"https:\/\/www.abc.com.py\/espectaculos\/los-tres-mosqueteros-en-nueva-temporada-de-ballet-1067322.html\">\n\n\t\t\t\t\t\t\t\t\t\t\t<span class=\"elementor-icon-list-text\">Los Tres Mosqueteros, Nueva Temporada de Ballet. Radio ABC . En el Este. (Paraguay)<\/span>\n\t\t\t\t\t\t\t\t\t\t\t<\/a>\n\t\t\t\t\t\t\t\t\t<\/li>\n\t\t\t\t\t\t\t\t<li class=\"elementor-icon-list-item\">\n\t\t\t\t\t\t\t\t\t\t\t<a href=\"http:\/\/chb-comentarios.blogspot.com\/2018\/03\/don-quijote-bajo-la-mirada-de-jaime.html?m=1\">\n\n\t\t\t\t\t\t\t\t\t\t\t<span class=\"elementor-icon-list-text\">\"Don Quijote\" Bajo la mirada de Jaime Pinto. <\/span>\n\t\t\t\t\t\t\t\t\t\t\t<\/a>\n\t\t\t\t\t\t\t\t\t<\/li>\n\t\t\t\t\t\t\t\t<li class=\"elementor-icon-list-item\">\n\t\t\t\t\t\t\t\t\t\t\t<a href=\"https:\/\/photos.google.com\/share\/AF1QipPfLsfeHI2w_nKeisF3nJgubmquF2W_WeV3iLJ_8VwDtAQNYgM9S9SiF5jZOncEOQ\/photo\/AF1QipMeBljur7tccmtsEr0Bj_E1Vv26ysSM0UHD6ib5?key=RTh1VlhsNWhBZzJBd3ZVMDA4SFBMTk55elhHZzhB\">\n\n\t\t\t\t\t\t\t\t\t\t\t<span class=\"elementor-icon-list-text\">Journeys End? - Cr\u00edtica F\u00e1tima Noll\u00e9n.<\/span>\n\t\t\t\t\t\t\t\t\t\t\t<\/a>\n\t\t\t\t\t\t\t\t\t<\/li>\n\t\t\t\t\t\t<\/ul>\n\t\t\t\t\t\t<\/div>\n\t\t\t\t<\/div>\n\t\t\t\t\t<\/div>\n\t\t<\/div>\n\t\t\t\t<div class=\"elementor-column elementor-col-50 elementor-top-column elementor-element elementor-element-9f86096\" data-id=\"9f86096\" data-element_type=\"column\" data-e-type=\"column\">\n\t\t\t<div class=\"elementor-widget-wrap elementor-element-populated\">\n\t\t\t\t\t\t<div class=\"elementor-element elementor-element-5dccdca elementor-widget elementor-widget-heading\" data-id=\"5dccdca\" data-element_type=\"widget\" data-e-type=\"widget\" data-widget_type=\"heading.default\">\n\t\t\t\t<div class=\"elementor-widget-container\">\n\t\t\t\t\t<h2 class=\"elementor-heading-title elementor-size-default\">SITIO DE INTER\u00c9S<\/h2>\t\t\t\t<\/div>\n\t\t\t\t<\/div>\n\t\t\t\t<div class=\"elementor-element elementor-element-4e040a5 elementor-widget elementor-widget-image\" data-id=\"4e040a5\" data-element_type=\"widget\" data-e-type=\"widget\" data-widget_type=\"image.default\">\n\t\t\t\t<div class=\"elementor-widget-container\">\n\t\t\t\t\t\t\t\t\t\t\t\t\t\t\t\t<a href=\"https:\/\/www.youtube.com\/watch?v=p0JkV3_uOSo\">\n\t\t\t\t\t\t\t<img fetchpriority=\"high\" decoding=\"async\" width=\"300\" height=\"244\" src=\"https:\/\/jaimepintoballet.com\/wp-content\/uploads\/2021\/11\/logo-municipal.jpg\" class=\"attachment-large size-large wp-image-12102\" alt=\"\" srcset=\"https:\/\/jaimepintoballet.com\/wp-content\/uploads\/2021\/11\/logo-municipal.jpg 300w, https:\/\/jaimepintoballet.com\/wp-content\/uploads\/2021\/11\/logo-municipal-150x122.jpg 150w\" sizes=\"(max-width: 300px) 100vw, 300px\" \/>\t\t\t\t\t\t\t\t<\/a>\n\t\t\t\t\t\t\t\t\t\t\t\t\t\t\t<\/div>\n\t\t\t\t<\/div>\n\t\t\t\t<div class=\"elementor-element elementor-element-1f4f36a elementor-widget elementor-widget-heading\" data-id=\"1f4f36a\" data-element_type=\"widget\" data-e-type=\"widget\" data-widget_type=\"heading.default\">\n\t\t\t\t<div class=\"elementor-widget-container\">\n\t\t\t\t\t<h2 class=\"elementor-heading-title elementor-size-default\">ENTREVISTAS<\/h2>\t\t\t\t<\/div>\n\t\t\t\t<\/div>\n\t\t\t\t<div class=\"elementor-element elementor-element-8f27e17 elementor-icon-list--layout-traditional elementor-list-item-link-full_width elementor-widget elementor-widget-icon-list\" data-id=\"8f27e17\" data-element_type=\"widget\" data-e-type=\"widget\" data-widget_type=\"icon-list.default\">\n\t\t\t\t<div class=\"elementor-widget-container\">\n\t\t\t\t\t\t\t<ul class=\"elementor-icon-list-items\">\n\t\t\t\t\t\t\t<li class=\"elementor-icon-list-item\">\n\t\t\t\t\t\t\t\t\t\t\t<a href=\"https:\/\/www.youtube.com\/watch?v=d0eMaBivmeQ\">\n\n\t\t\t\t\t\t\t\t\t\t\t<span class=\"elementor-icon-list-text\">Entrevista a Jaime Pinto \u2013 Core\u00f3grafo y Maestro de Ballet  - Teatro Regional Lucho Gat\u00edca (Rancagua).<\/span>\n\t\t\t\t\t\t\t\t\t\t\t<\/a>\n\t\t\t\t\t\t\t\t\t<\/li>\n\t\t\t\t\t\t\t\t<li class=\"elementor-icon-list-item\">\n\t\t\t\t\t\t\t\t\t\t\t<a href=\"https:\/\/www.abc.com.py\/edicion-impresa\/artes-espectaculos\/danza-1372179.html\">\n\n\t\t\t\t\t\t\t\t\t\t\t<span class=\"elementor-icon-list-text\">Entrevista Radio ABC - En el Este (Paraguay).<\/span>\n\t\t\t\t\t\t\t\t\t\t\t<\/a>\n\t\t\t\t\t\t\t\t\t<\/li>\n\t\t\t\t\t\t\t\t<li class=\"elementor-icon-list-item\">\n\t\t\t\t\t\t\t\t\t\t\t<a href=\"https:\/\/laprensaaustral.cl\/2024\/06\/23\/publico-ovaciono-funciones-de-ballet-en-el-teatro-municipal\/\">\n\n\t\t\t\t\t\t\t\t\t\t\t<span class=\"elementor-icon-list-text\">Entrevista La Prensa Austral (Punta Arenas - 2014).<\/span>\n\t\t\t\t\t\t\t\t\t\t\t<\/a>\n\t\t\t\t\t\t\t\t\t<\/li>\n\t\t\t\t\t\t\t\t<li class=\"elementor-icon-list-item\">\n\t\t\t\t\t\t\t\t\t\t\t<a href=\"https:\/\/www.radiopolar.com\/teatro-municipal-recibe-este-domingo-a-exponentes-nacionales-e-internacionales-de-ballet-por-medio-de-la-gala-noche-de-clasicos\">\n\n\t\t\t\t\t\t\t\t\t\t\t<span class=\"elementor-icon-list-text\">Entrevista Polar Comunicaciones (Punta Arenas - 2024).<\/span>\n\t\t\t\t\t\t\t\t\t\t\t<\/a>\n\t\t\t\t\t\t\t\t\t<\/li>\n\t\t\t\t\t\t\t\t<li class=\"elementor-icon-list-item\">\n\t\t\t\t\t\t\t\t\t\t\t<a href=\"http:\/\/www.rodolfo-solmoirago.com.ar\/Local\/TITULOS\/promotor.html\">\n\n\t\t\t\t\t\t\t\t\t\t\t<span class=\"elementor-icon-list-text\">Argentina: Rodolfo Solmoirago Promotor Cutural. <\/span>\n\t\t\t\t\t\t\t\t\t\t\t<\/a>\n\t\t\t\t\t\t\t\t\t<\/li>\n\t\t\t\t\t\t<\/ul>\n\t\t\t\t\t\t<\/div>\n\t\t\t\t<\/div>\n\t\t\t\t<div class=\"elementor-element elementor-element-6f501a4 elementor-widget elementor-widget-heading\" data-id=\"6f501a4\" data-element_type=\"widget\" data-e-type=\"widget\" data-widget_type=\"heading.default\">\n\t\t\t\t<div class=\"elementor-widget-container\">\n\t\t\t\t\t<h2 class=\"elementor-heading-title elementor-size-default\">REDES SOCIALES<\/h2>\t\t\t\t<\/div>\n\t\t\t\t<\/div>\n\t\t\t\t<div class=\"elementor-element elementor-element-c40d594 elementor-icon-list--layout-traditional elementor-list-item-link-full_width elementor-widget elementor-widget-icon-list\" data-id=\"c40d594\" data-element_type=\"widget\" data-e-type=\"widget\" data-widget_type=\"icon-list.default\">\n\t\t\t\t<div class=\"elementor-widget-container\">\n\t\t\t\t\t\t\t<ul class=\"elementor-icon-list-items\">\n\t\t\t\t\t\t\t<li class=\"elementor-icon-list-item\">\n\t\t\t\t\t\t\t\t\t\t\t<a href=\"https:\/\/www.facebook.com\/balletmunicipalasu\/videos\/243060390100399\/\">\n\n\t\t\t\t\t\t\t\t\t\t\t<span class=\"elementor-icon-list-text\">Ballet Cl\u00e1sico y Moderno de Asunci\u00f3n (Paraguay) Nancy Luzko.<\/span>\n\t\t\t\t\t\t\t\t\t\t\t<\/a>\n\t\t\t\t\t\t\t\t\t<\/li>\n\t\t\t\t\t\t\t\t<li class=\"elementor-icon-list-item\">\n\t\t\t\t\t\t\t\t\t\t\t<a href=\"https:\/\/www.instagram.com\/reel\/C4b0mTLNV0t\/\">\n\n\t\t\t\t\t\t\t\t\t\t\t<span class=\"elementor-icon-list-text\">Ballet Cl\u00e1sico y Moderno de Asunci\u00f3n (Paraguay) Ensayos. Cristina B\u00e1ez.<\/span>\n\t\t\t\t\t\t\t\t\t\t\t<\/a>\n\t\t\t\t\t\t\t\t\t<\/li>\n\t\t\t\t\t\t\t\t<li class=\"elementor-icon-list-item\">\n\t\t\t\t\t\t\t\t\t\t\t<a href=\"https:\/\/www.facebook.com\/watch\/?v=794773045650222\">\n\n\t\t\t\t\t\t\t\t\t\t\t<span class=\"elementor-icon-list-text\">Ballet Cl\u00e1sico y Moderno de Asunci\u00f3n (Paraguay) Escenario.<\/span>\n\t\t\t\t\t\t\t\t\t\t\t<\/a>\n\t\t\t\t\t\t\t\t\t<\/li>\n\t\t\t\t\t\t\t\t<li class=\"elementor-icon-list-item\">\n\t\t\t\t\t\t\t\t\t\t\t<a href=\"https:\/\/www.facebook.com\/watch\/?v=794773045650222\">\n\n\t\t\t\t\t\t\t\t\t\t\t<span class=\"elementor-icon-list-text\">Promoci\u00f3n Ballet Cl\u00e1sico y Moderno de Asunci\u00f3n (Paraguay).<\/span>\n\t\t\t\t\t\t\t\t\t\t\t<\/a>\n\t\t\t\t\t\t\t\t\t<\/li>\n\t\t\t\t\t\t\t\t<li class=\"elementor-icon-list-item\">\n\t\t\t\t\t\t\t\t\t\t\t<a href=\"https:\/\/www.instagram.com\/balletclasicomodernomunicipal\/reel\/CsMBMKfghIn\/\">\n\n\t\t\t\t\t\t\t\t\t\t\t<span class=\"elementor-icon-list-text\">Promoci\u00f3n Madame Butterfly. Ballet Cl\u00e1sico y Moderno de Asunci\u00f3n (Paraguay).<\/span>\n\t\t\t\t\t\t\t\t\t\t\t<\/a>\n\t\t\t\t\t\t\t\t\t<\/li>\n\t\t\t\t\t\t\t\t<li class=\"elementor-icon-list-item\">\n\t\t\t\t\t\t\t\t\t\t\t<a href=\"https:\/\/www.facebook.com\/ballet.offical\/videos\/354297432435133\/\">\n\n\t\t\t\t\t\t\t\t\t\t\t<span class=\"elementor-icon-list-text\">El Ballet Nacional de Ecuador - 40 a\u00f1os de Actividades.<\/span>\n\t\t\t\t\t\t\t\t\t\t\t<\/a>\n\t\t\t\t\t\t\t\t\t<\/li>\n\t\t\t\t\t\t<\/ul>\n\t\t\t\t\t\t<\/div>\n\t\t\t\t<\/div>\n\t\t\t\t\t<\/div>\n\t\t<\/div>\n\t\t\t\t\t<\/div>\n\t\t<\/section>\n\t\t\t\t<section class=\"elementor-section elementor-top-section elementor-element elementor-element-576525b elementor-section-boxed elementor-section-height-default elementor-section-height-default wd-section-disabled\" data-id=\"576525b\" data-element_type=\"section\" data-e-type=\"section\">\n\t\t\t\t\t\t<div class=\"elementor-container elementor-column-gap-default\">\n\t\t\t\t\t<div class=\"elementor-column elementor-col-100 elementor-top-column elementor-element elementor-element-c09d336\" data-id=\"c09d336\" data-element_type=\"column\" data-e-type=\"column\">\n\t\t\t<div class=\"elementor-widget-wrap\">\n\t\t\t\t\t\t\t<\/div>\n\t\t<\/div>\n\t\t\t\t\t<\/div>\n\t\t<\/section>\n\t\t\t\t<\/div>\n\t\t","protected":false},"excerpt":{"rendered":"<p>LINKS DE INTER\u00c9S Jaime Pinto obtiene premio de danza \u00abErnst Uthoff\u00bb. Maestro de danza Jaime Pinto cumple 10 a\u00f1os de<\/p>\n","protected":false},"author":1,"featured_media":0,"parent":0,"menu_order":0,"comment_status":"closed","ping_status":"closed","template":"","meta":{"footnotes":""},"class_list":["post-11906","page","type-page","status-publish","hentry"],"yoast_head":"<!-- This site is optimized with the Yoast SEO plugin v27.0 - https:\/\/yoast.com\/product\/yoast-seo-wordpress\/ -->\n<title>Prensa - Jaime Pinto<\/title>\n<meta name=\"robots\" content=\"index, follow, max-snippet:-1, max-image-preview:large, max-video-preview:-1\" \/>\n<link rel=\"canonical\" href=\"https:\/\/jaimepintoballet.com\/es_es\/prensa\/\" \/>\n<meta property=\"og:locale\" content=\"es_ES\" \/>\n<meta property=\"og:type\" content=\"article\" \/>\n<meta property=\"og:title\" content=\"Prensa - Jaime Pinto\" \/>\n<meta property=\"og:description\" content=\"LINKS DE INTER\u00c9S Jaime Pinto obtiene premio de danza \u00abErnst Uthoff\u00bb. Maestro de danza Jaime Pinto cumple 10 a\u00f1os de\" \/>\n<meta property=\"og:url\" content=\"https:\/\/jaimepintoballet.com\/es_es\/prensa\/\" \/>\n<meta property=\"og:site_name\" content=\"Jaime Pinto\" \/>\n<meta property=\"article:modified_time\" content=\"2024-07-16T09:54:13+00:00\" \/>\n<meta property=\"og:image\" content=\"https:\/\/jaimepintoballet.com\/wp-content\/uploads\/2021\/11\/logo-municipal.jpg\" \/>\n<meta name=\"twitter:card\" content=\"summary_large_image\" \/>\n<meta name=\"twitter:label1\" content=\"Tiempo de lectura\" \/>\n\t<meta name=\"twitter:data1\" content=\"2 minutos\" \/>\n<script type=\"application\/ld+json\" class=\"yoast-schema-graph\">{\"@context\":\"https:\/\/schema.org\",\"@graph\":[{\"@type\":\"WebPage\",\"@id\":\"https:\/\/jaimepintoballet.com\/es_es\/prensa\/\",\"url\":\"https:\/\/jaimepintoballet.com\/es_es\/prensa\/\",\"name\":\"Prensa - Jaime Pinto\",\"isPartOf\":{\"@id\":\"https:\/\/jaimepintoballet.com\/es_es\/#website\"},\"primaryImageOfPage\":{\"@id\":\"https:\/\/jaimepintoballet.com\/es_es\/prensa\/#primaryimage\"},\"image\":{\"@id\":\"https:\/\/jaimepintoballet.com\/es_es\/prensa\/#primaryimage\"},\"thumbnailUrl\":\"https:\/\/jaimepintoballet.com\/wp-content\/uploads\/2021\/11\/logo-municipal.jpg\",\"datePublished\":\"2021-10-27T15:47:22+00:00\",\"dateModified\":\"2024-07-16T09:54:13+00:00\",\"breadcrumb\":{\"@id\":\"https:\/\/jaimepintoballet.com\/es_es\/prensa\/#breadcrumb\"},\"inLanguage\":\"es\",\"potentialAction\":[{\"@type\":\"ReadAction\",\"target\":[\"https:\/\/jaimepintoballet.com\/es_es\/prensa\/\"]}]},{\"@type\":\"ImageObject\",\"inLanguage\":\"es\",\"@id\":\"https:\/\/jaimepintoballet.com\/es_es\/prensa\/#primaryimage\",\"url\":\"https:\/\/jaimepintoballet.com\/wp-content\/uploads\/2021\/11\/logo-municipal.jpg\",\"contentUrl\":\"https:\/\/jaimepintoballet.com\/wp-content\/uploads\/2021\/11\/logo-municipal.jpg\"},{\"@type\":\"BreadcrumbList\",\"@id\":\"https:\/\/jaimepintoballet.com\/es_es\/prensa\/#breadcrumb\",\"itemListElement\":[{\"@type\":\"ListItem\",\"position\":1,\"name\":\"Portada\",\"item\":\"https:\/\/jaimepintoballet.com\/es_es\/\"},{\"@type\":\"ListItem\",\"position\":2,\"name\":\"Prensa\"}]},{\"@type\":\"WebSite\",\"@id\":\"https:\/\/jaimepintoballet.com\/es_es\/#website\",\"url\":\"https:\/\/jaimepintoballet.com\/es_es\/\",\"name\":\"Jaime Pinto\",\"description\":\"Core\u00f3grafo\",\"potentialAction\":[{\"@type\":\"SearchAction\",\"target\":{\"@type\":\"EntryPoint\",\"urlTemplate\":\"https:\/\/jaimepintoballet.com\/es_es\/?s={search_term_string}\"},\"query-input\":{\"@type\":\"PropertyValueSpecification\",\"valueRequired\":true,\"valueName\":\"search_term_string\"}}],\"inLanguage\":\"es\"}]}<\/script>\n<!-- \/ Yoast SEO plugin. -->","yoast_head_json":{"title":"Prensa - Jaime Pinto","robots":{"index":"index","follow":"follow","max-snippet":"max-snippet:-1","max-image-preview":"max-image-preview:large","max-video-preview":"max-video-preview:-1"},"canonical":"https:\/\/jaimepintoballet.com\/es_es\/prensa\/","og_locale":"es_ES","og_type":"article","og_title":"Prensa - Jaime Pinto","og_description":"LINKS DE INTER\u00c9S Jaime Pinto obtiene premio de danza \u00abErnst Uthoff\u00bb. Maestro de danza Jaime Pinto cumple 10 a\u00f1os de","og_url":"https:\/\/jaimepintoballet.com\/es_es\/prensa\/","og_site_name":"Jaime Pinto","article_modified_time":"2024-07-16T09:54:13+00:00","og_image":[{"url":"https:\/\/jaimepintoballet.com\/wp-content\/uploads\/2021\/11\/logo-municipal.jpg","type":"","width":"","height":""}],"twitter_card":"summary_large_image","twitter_misc":{"Tiempo de lectura":"2 minutos"},"schema":{"@context":"https:\/\/schema.org","@graph":[{"@type":"WebPage","@id":"https:\/\/jaimepintoballet.com\/es_es\/prensa\/","url":"https:\/\/jaimepintoballet.com\/es_es\/prensa\/","name":"Prensa - Jaime Pinto","isPartOf":{"@id":"https:\/\/jaimepintoballet.com\/es_es\/#website"},"primaryImageOfPage":{"@id":"https:\/\/jaimepintoballet.com\/es_es\/prensa\/#primaryimage"},"image":{"@id":"https:\/\/jaimepintoballet.com\/es_es\/prensa\/#primaryimage"},"thumbnailUrl":"https:\/\/jaimepintoballet.com\/wp-content\/uploads\/2021\/11\/logo-municipal.jpg","datePublished":"2021-10-27T15:47:22+00:00","dateModified":"2024-07-16T09:54:13+00:00","breadcrumb":{"@id":"https:\/\/jaimepintoballet.com\/es_es\/prensa\/#breadcrumb"},"inLanguage":"es","potentialAction":[{"@type":"ReadAction","target":["https:\/\/jaimepintoballet.com\/es_es\/prensa\/"]}]},{"@type":"ImageObject","inLanguage":"es","@id":"https:\/\/jaimepintoballet.com\/es_es\/prensa\/#primaryimage","url":"https:\/\/jaimepintoballet.com\/wp-content\/uploads\/2021\/11\/logo-municipal.jpg","contentUrl":"https:\/\/jaimepintoballet.com\/wp-content\/uploads\/2021\/11\/logo-municipal.jpg"},{"@type":"BreadcrumbList","@id":"https:\/\/jaimepintoballet.com\/es_es\/prensa\/#breadcrumb","itemListElement":[{"@type":"ListItem","position":1,"name":"Portada","item":"https:\/\/jaimepintoballet.com\/es_es\/"},{"@type":"ListItem","position":2,"name":"Prensa"}]},{"@type":"WebSite","@id":"https:\/\/jaimepintoballet.com\/es_es\/#website","url":"https:\/\/jaimepintoballet.com\/es_es\/","name":"Jaime Pinto","description":"Core\u00f3grafo","potentialAction":[{"@type":"SearchAction","target":{"@type":"EntryPoint","urlTemplate":"https:\/\/jaimepintoballet.com\/es_es\/?s={search_term_string}"},"query-input":{"@type":"PropertyValueSpecification","valueRequired":true,"valueName":"search_term_string"}}],"inLanguage":"es"}]}},"_links":{"self":[{"href":"https:\/\/jaimepintoballet.com\/es_es\/wp-json\/wp\/v2\/pages\/11906","targetHints":{"allow":["GET"]}}],"collection":[{"href":"https:\/\/jaimepintoballet.com\/es_es\/wp-json\/wp\/v2\/pages"}],"about":[{"href":"https:\/\/jaimepintoballet.com\/es_es\/wp-json\/wp\/v2\/types\/page"}],"author":[{"embeddable":true,"href":"https:\/\/jaimepintoballet.com\/es_es\/wp-json\/wp\/v2\/users\/1"}],"replies":[{"embeddable":true,"href":"https:\/\/jaimepintoballet.com\/es_es\/wp-json\/wp\/v2\/comments?post=11906"}],"version-history":[{"count":93,"href":"https:\/\/jaimepintoballet.com\/es_es\/wp-json\/wp\/v2\/pages\/11906\/revisions"}],"predecessor-version":[{"id":12890,"href":"https:\/\/jaimepintoballet.com\/es_es\/wp-json\/wp\/v2\/pages\/11906\/revisions\/12890"}],"wp:attachment":[{"href":"https:\/\/jaimepintoballet.com\/es_es\/wp-json\/wp\/v2\/media?parent=11906"}],"curies":[{"name":"wp","href":"https:\/\/api.w.org\/{rel}","templated":true}]}}